{"id":624,"date":"2021-11-21T11:48:02","date_gmt":"2021-11-21T11:48:02","guid":{"rendered":"https:\/\/rimnow.space\/ens\/?page_id=624"},"modified":"2021-11-21T11:48:02","modified_gmt":"2021-11-21T11:48:02","slug":"academique","status":"publish","type":"page","link":"https:\/\/ens.mr\/?page_id=624","title":{"rendered":"Acad\u00e9mique"},"content":{"rendered":"\n<p>L\u2019ENS se d\u00e9ploie pour mettre sur pied un programme de coop\u00e9ration visant la dynamisation des relations avec les institutions similaires dans les pays voisins et amis ce qui lui a permis d\u2019\u00eatre membre de l\u2019AUF et d\u2019\u00e9tablir des protocoles d\u2019accord avec certaines universit\u00e9s arabes et \u00e9trang\u00e8res. Elle entretient d\u00e9j\u00e0 des \u00e9changes dans le domaine de l\u2019enseignement et de la recherche avec les institutions suivantes&nbsp;:<\/p>\n\n\n\n<p>&nbsp; Centre de Formation des Inspecteurs de l\u2019Enseignement, Rabat (Maroc)<\/p>\n\n\n\n<p>&nbsp; Ecole Normale Sup\u00e9rieure de Takkadoum, Rabat (Maroc)<\/p>\n\n\n\n<p>&nbsp; Ecole Normale Sup\u00e9rieure de T\u00e9touan (Maroc)<\/p>\n\n\n\n<p>&nbsp; Facult\u00e9 des Sciences de l\u2019Education, Rabat (Maroc)<\/p>\n\n\n\n<p>&nbsp; Universit\u00e9 de Technologie d\u2019Oran (Alg\u00e9rie)<\/p>\n\n\n\n<p>&nbsp;Universit\u00e9 Gaston -Berger de Saint- Louis (S\u00e9n\u00e9gal)<\/p>\n\n\n\n<ul class=\"wp-block-list\"><li>L\u2019Institut de Formation des Ma\u00eetres de Lyon, (France)<\/li><li>L\u2019Association des Universit\u00e9s Arabes<\/li><\/ul>\n\n\n\n<p>Des protocoles de coop\u00e9ration sont sign\u00e9s avec des institutions universitaires dans des pays comme l\u2019Alg\u00e9rie, l\u2019Afrique du Sud, la France, le Maroc , &nbsp;le S\u00e9n\u00e9gal&nbsp;, et avec des organismes tels que l\u2019ALESCO, l\u2019AUF, l\u2019ISESCO et l\u2019UNESCO.<\/p>\n\n\n\n<p>L\u2019ENS vient de signer &nbsp;en 2018 plusieurs conventions de partenariat avec&nbsp;:<\/p>\n\n\n\n<ul class=\"wp-block-list\"><li>L\u2019Universit\u00e9 Mohamed V<\/li><li>La Facult\u00e9 des Sciences de l\u2019\u00c9ducation,<\/li><li>L\u2019\u00c9cole Sup\u00e9rieure d\u2019Enseignement Technique et Professionnel<\/li><\/ul>\n","protected":false},"excerpt":{"rendered":"<p>L\u2019ENS se d\u00e9ploie pour mettre sur pied un programme de coop\u00e9ration visant la dynamisation des relations avec les institutions similaires dans les pays voisins et amis ce qui lui a permis d\u2019\u00eatre membre de l\u2019AUF et d\u2019\u00e9tablir des protocoles d\u2019accord avec certaines universit\u00e9s arabes et \u00e9trang\u00e8res. Elle entretient d\u00e9j\u00e0 des \u00e9changes dans le domaine de &hellip;<\/p>\n","protected":false},"author":1,"featured_media":0,"parent":0,"menu_order":0,"comment_status":"closed","ping_status":"closed","template":"","meta":{"footnotes":""},"class_list":["post-624","page","type-page","status-publish","hentry"],"_links":{"self":[{"href":"https:\/\/ens.mr\/index.php?rest_route=\/wp\/v2\/pages\/624","targetHints":{"allow":["GET"]}}],"collection":[{"href":"https:\/\/ens.mr\/index.php?rest_route=\/wp\/v2\/pages"}],"about":[{"href":"https:\/\/ens.mr\/index.php?rest_route=\/wp\/v2\/types\/page"}],"author":[{"embeddable":true,"href":"https:\/\/ens.mr\/index.php?rest_route=\/wp\/v2\/users\/1"}],"replies":[{"embeddable":true,"href":"https:\/\/ens.mr\/index.php?rest_route=%2Fwp%2Fv2%2Fcomments&post=624"}],"version-history":[{"count":1,"href":"https:\/\/ens.mr\/index.php?rest_route=\/wp\/v2\/pages\/624\/revisions"}],"predecessor-version":[{"id":626,"href":"https:\/\/ens.mr\/index.php?rest_route=\/wp\/v2\/pages\/624\/revisions\/626"}],"wp:attachment":[{"href":"https:\/\/ens.mr\/index.php?rest_route=%2Fwp%2Fv2%2Fmedia&parent=624"}],"curies":[{"name":"wp","href":"https:\/\/api.w.org\/{rel}","templated":true}]}}