{"id":601,"date":"2021-11-21T10:28:29","date_gmt":"2021-11-21T10:28:29","guid":{"rendered":"https:\/\/rimnow.space\/ens\/?page_id=601"},"modified":"2021-11-21T10:28:29","modified_gmt":"2021-11-21T10:28:29","slug":"herbier-et-arboretum","status":"publish","type":"page","link":"https:\/\/ens.mr\/?page_id=601","title":{"rendered":"Herbier et arboretum"},"content":{"rendered":"\n<p>L\u2019ENS dispose d\u2019un herbier riche de plus de 6000 sp\u00e9cimens botaniques, devenu gr\u00e2ce au projet SEP 313, Herbier National de Mauritanie, reconnu sur le plan international dans <strong><em>l\u2019IndexHerbariorum Registration<\/em><\/strong> sous l\u2019acronyme HNM, et faisant parti du r\u00e9seau des herbiers africains RIHA.<\/p>\n\n\n\n<p>Cet herbier travaille en collaboration avec le Mus\u00e9um d\u2019Histoire Naturelle de Paris , l\u2019IRD , le CIRAD-EMVT de Montpellier, l\u2019IFAN de Dakar et l\u2019Institut scientifique de Rabat&nbsp; afin de rapatrier tous les doubles d\u2019\u00e9chantillons pr\u00e9lev\u00e9s en Mauritanie et de collecter toutes les informations sur les recherches ant\u00e9rieures&nbsp; en Mauritanie en mati\u00e8re de botanique syst\u00e9matique.<\/p>\n\n\n\n<p>Le local de cet herbier doit n\u00e9cessairement \u00eatre r\u00e9am\u00e9nag\u00e9 et \u00e9quip\u00e9 d\u2019armoires et de moyens de conditionnement et d\u2019\u00e9tanch\u00e9it\u00e9 n\u00e9cessaires, pour pouvoir r\u00e9pondre aux conditions de notre ambition \u00e0 dimension nationale. Aussi, devra-t-il \u00eatre connect\u00e9 \u00e0 l\u2019internet et \u00e9quip\u00e9 par des outils de communication (T\u00e9l\u00e9phone et t\u00e9l\u00e9copieur) pour pouvoir mieux remplir sa mission, surtout qu\u2019il devra collecter et faciliter la circulation de&nbsp; l\u2019information sur la biodiversit\u00e9 en Mauritanie. L\u2019ENS est devenu, point focal du GBIF en Mauritanie depuis ao\u00fbt 2009,&nbsp; au rang de membre votant. Cet herbier devra \u00e9voluer en service de l\u2019institution.<\/p>\n\n\n\n<p>Un arboretum abritant plus de 50 esp\u00e8ces locales dont certaines menac\u00e9es de disparition a \u00e9t\u00e9 mis en place depuis 1990 pour r\u00e9pondre aux besoins de formation&nbsp;; aujourd\u2019hui, gr\u00e2ce \u00e0 sa diversit\u00e9 biologique il s\u2019oriente pour servir d\u2019autres fonctions&nbsp;: banque de g\u00e8nes, plantes m\u00e9dicinales, p\u00e9pini\u00e8re pour l\u2019entretien de la fa\u00e7ade de l\u2019ENS.<\/p>\n\n\n\n<p>Certes, la superficie doit \u00eatre plus agrandie et les moyens d\u2019entretien plus am\u00e9lior\u00e9s.<\/p>\n","protected":false},"excerpt":{"rendered":"<p>L\u2019ENS dispose d\u2019un herbier riche de plus de 6000 sp\u00e9cimens botaniques, devenu gr\u00e2ce au projet SEP 313, Herbier National de Mauritanie, reconnu sur le plan international dans l\u2019IndexHerbariorum Registration sous l\u2019acronyme HNM, et faisant parti du r\u00e9seau des herbiers africains RIHA. Cet herbier travaille en collaboration avec le Mus\u00e9um d\u2019Histoire Naturelle de Paris , l\u2019IRD &hellip;<\/p>\n","protected":false},"author":1,"featured_media":0,"parent":0,"menu_order":0,"comment_status":"closed","ping_status":"closed","template":"","meta":{"footnotes":""},"class_list":["post-601","page","type-page","status-publish","hentry"],"_links":{"self":[{"href":"https:\/\/ens.mr\/index.php?rest_route=\/wp\/v2\/pages\/601","targetHints":{"allow":["GET"]}}],"collection":[{"href":"https:\/\/ens.mr\/index.php?rest_route=\/wp\/v2\/pages"}],"about":[{"href":"https:\/\/ens.mr\/index.php?rest_route=\/wp\/v2\/types\/page"}],"author":[{"embeddable":true,"href":"https:\/\/ens.mr\/index.php?rest_route=\/wp\/v2\/users\/1"}],"replies":[{"embeddable":true,"href":"https:\/\/ens.mr\/index.php?rest_route=%2Fwp%2Fv2%2Fcomments&post=601"}],"version-history":[{"count":1,"href":"https:\/\/ens.mr\/index.php?rest_route=\/wp\/v2\/pages\/601\/revisions"}],"predecessor-version":[{"id":603,"href":"https:\/\/ens.mr\/index.php?rest_route=\/wp\/v2\/pages\/601\/revisions\/603"}],"wp:attachment":[{"href":"https:\/\/ens.mr\/index.php?rest_route=%2Fwp%2Fv2%2Fmedia&parent=601"}],"curies":[{"name":"wp","href":"https:\/\/api.w.org\/{rel}","templated":true}]}}