{"id":392,"date":"2021-11-10T17:32:22","date_gmt":"2021-11-10T17:32:22","guid":{"rendered":"https:\/\/rimnow.space\/ens\/?page_id=392"},"modified":"2022-02-03T19:40:55","modified_gmt":"2022-02-03T19:40:55","slug":"sciences-humaines","status":"publish","type":"page","link":"https:\/\/ens.mr\/?page_id=392","title":{"rendered":"Sciences Humaines"},"content":{"rendered":"\n<p><strong>D\u00e9partements des Sciences Humaines&nbsp;:<\/strong>qui abrite les fili\u00e8res suivantes<\/p>\n\n\n\n<ul class=\"wp-block-list\"><li>Instruction Civique&nbsp;<\/li><li>Histoire et G\u00e9ographie&nbsp;<\/li><li>Philosophie<\/li><\/ul>\n","protected":false},"excerpt":{"rendered":"<p>D\u00e9partements des Sciences Humaines&nbsp;:qui abrite les fili\u00e8res suivantes Instruction Civique&nbsp;Histoire et G\u00e9ographie&nbsp;Philosophie<\/p>\n","protected":false},"author":1,"featured_media":0,"parent":0,"menu_order":0,"comment_status":"closed","ping_status":"closed","template":"","meta":{"footnotes":""},"class_list":["post-392","page","type-page","status-publish","hentry"],"_links":{"self":[{"href":"https:\/\/ens.mr\/index.php?rest_route=\/wp\/v2\/pages\/392","targetHints":{"allow":["GET"]}}],"collection":[{"href":"https:\/\/ens.mr\/index.php?rest_route=\/wp\/v2\/pages"}],"about":[{"href":"https:\/\/ens.mr\/index.php?rest_route=\/wp\/v2\/types\/page"}],"author":[{"embeddable":true,"href":"https:\/\/ens.mr\/index.php?rest_route=\/wp\/v2\/users\/1"}],"replies":[{"embeddable":true,"href":"https:\/\/ens.mr\/index.php?rest_route=%2Fwp%2Fv2%2Fcomments&post=392"}],"version-history":[{"count":2,"href":"https:\/\/ens.mr\/index.php?rest_route=\/wp\/v2\/pages\/392\/revisions"}],"predecessor-version":[{"id":1532,"href":"https:\/\/ens.mr\/index.php?rest_route=\/wp\/v2\/pages\/392\/revisions\/1532"}],"wp:attachment":[{"href":"https:\/\/ens.mr\/index.php?rest_route=%2Fwp%2Fv2%2Fmedia&parent=392"}],"curies":[{"name":"wp","href":"https:\/\/api.w.org\/{rel}","templated":true}]}}