{"id":390,"date":"2021-11-10T17:31:35","date_gmt":"2021-11-10T17:31:35","guid":{"rendered":"https:\/\/rimnow.space\/ens\/?page_id=390"},"modified":"2022-02-03T19:37:54","modified_gmt":"2022-02-03T19:37:54","slug":"sciences-exactes","status":"publish","type":"page","link":"https:\/\/ens.mr\/?page_id=390","title":{"rendered":"Sciences Exactes"},"content":{"rendered":"\n<p><strong>D\u00e9partement des Sciences Exactes&nbsp;: <\/strong>qui abrite les fili\u00e8res suivantes<\/p>\n\n\n\n<ul class=\"wp-block-list\"><li>Math\u00e9matiques&nbsp;<\/li><li>Physiques Chimie&nbsp;<\/li><li>Sciences Naturelles<\/li><li>fili\u00e8re Technique<\/li><\/ul>\n","protected":false},"excerpt":{"rendered":"<p>D\u00e9partement des Sciences Exactes&nbsp;: qui abrite les fili\u00e8res suivantes Math\u00e9matiques&nbsp;Physiques Chimie&nbsp;Sciences Naturellesfili\u00e8re Technique<\/p>\n","protected":false},"author":1,"featured_media":0,"parent":0,"menu_order":0,"comment_status":"closed","ping_status":"closed","template":"","meta":{"footnotes":""},"class_list":["post-390","page","type-page","status-publish","hentry"],"_links":{"self":[{"href":"https:\/\/ens.mr\/index.php?rest_route=\/wp\/v2\/pages\/390","targetHints":{"allow":["GET"]}}],"collection":[{"href":"https:\/\/ens.mr\/index.php?rest_route=\/wp\/v2\/pages"}],"about":[{"href":"https:\/\/ens.mr\/index.php?rest_route=\/wp\/v2\/types\/page"}],"author":[{"embeddable":true,"href":"https:\/\/ens.mr\/index.php?rest_route=\/wp\/v2\/users\/1"}],"replies":[{"embeddable":true,"href":"https:\/\/ens.mr\/index.php?rest_route=%2Fwp%2Fv2%2Fcomments&post=390"}],"version-history":[{"count":2,"href":"https:\/\/ens.mr\/index.php?rest_route=\/wp\/v2\/pages\/390\/revisions"}],"predecessor-version":[{"id":1530,"href":"https:\/\/ens.mr\/index.php?rest_route=\/wp\/v2\/pages\/390\/revisions\/1530"}],"wp:attachment":[{"href":"https:\/\/ens.mr\/index.php?rest_route=%2Fwp%2Fv2%2Fmedia&parent=390"}],"curies":[{"name":"wp","href":"https:\/\/api.w.org\/{rel}","templated":true}]}}