{"id":388,"date":"2021-11-10T17:30:39","date_gmt":"2021-11-10T17:30:39","guid":{"rendered":"https:\/\/rimnow.space\/ens\/?page_id=388"},"modified":"2022-02-03T19:39:36","modified_gmt":"2022-02-03T19:39:36","slug":"langue-francaise","status":"publish","type":"page","link":"https:\/\/ens.mr\/?page_id=388","title":{"rendered":"Langues \u00e9trang\u00e8res"},"content":{"rendered":"\n<p><strong>D\u00e9partement de langues \u00e9trang\u00e8res&nbsp;:<\/strong>qui abrite les fili\u00e8res suivantes<\/p>\n\n\n\n<ul class=\"wp-block-list\"><li>Fran\u00e7ais<\/li><li>Anglais&nbsp;<\/li><li>Espagnol<\/li><\/ul>\n","protected":false},"excerpt":{"rendered":"<p>D\u00e9partement de langues \u00e9trang\u00e8res&nbsp;:qui abrite les fili\u00e8res suivantes Fran\u00e7aisAnglais&nbsp;Espagnol<\/p>\n","protected":false},"author":1,"featured_media":0,"parent":0,"menu_order":0,"comment_status":"closed","ping_status":"closed","template":"","meta":{"footnotes":""},"class_list":["post-388","page","type-page","status-publish","hentry"],"_links":{"self":[{"href":"https:\/\/ens.mr\/index.php?rest_route=\/wp\/v2\/pages\/388","targetHints":{"allow":["GET"]}}],"collection":[{"href":"https:\/\/ens.mr\/index.php?rest_route=\/wp\/v2\/pages"}],"about":[{"href":"https:\/\/ens.mr\/index.php?rest_route=\/wp\/v2\/types\/page"}],"author":[{"embeddable":true,"href":"https:\/\/ens.mr\/index.php?rest_route=\/wp\/v2\/users\/1"}],"replies":[{"embeddable":true,"href":"https:\/\/ens.mr\/index.php?rest_route=%2Fwp%2Fv2%2Fcomments&post=388"}],"version-history":[{"count":3,"href":"https:\/\/ens.mr\/index.php?rest_route=\/wp\/v2\/pages\/388\/revisions"}],"predecessor-version":[{"id":1531,"href":"https:\/\/ens.mr\/index.php?rest_route=\/wp\/v2\/pages\/388\/revisions\/1531"}],"wp:attachment":[{"href":"https:\/\/ens.mr\/index.php?rest_route=%2Fwp%2Fv2%2Fmedia&parent=388"}],"curies":[{"name":"wp","href":"https:\/\/api.w.org\/{rel}","templated":true}]}}