{"id":365,"date":"2021-11-10T17:19:39","date_gmt":"2021-11-10T17:19:39","guid":{"rendered":"https:\/\/rimnow.space\/ens\/?page_id=365"},"modified":"2022-02-03T19:27:45","modified_gmt":"2022-02-03T19:27:45","slug":"organigramme","status":"publish","type":"page","link":"https:\/\/ens.mr\/?page_id=365","title":{"rendered":"Organigramme"},"content":{"rendered":"\n<p>La structure administrative de l\u2019ENS est compos\u00e9e comme suit&nbsp;:<\/p>\n\n\n\n<p>Le Directeur&nbsp;<\/p>\n\n\n\n<p>Le Directeur adjoint&nbsp;<\/p>\n\n\n\n<p>Secr\u00e9tariat g\u00e9n\u00e9ral&nbsp;<\/p>\n\n\n\n<p>Direction des \u00e9tudes charg\u00e9e de la Formation continue,&nbsp;de la coop\u00e9ration et du stage<\/p>\n\n\n\n<p>Direction des \u00e9tudes charg\u00e9e des affaires acad\u00e9miques et estudiantines<\/p>\n\n\n\n<p>Conseiller du directeur charg\u00e9 des affaires p\u00e9dagogiques<\/p>\n\n\n\n<p>Conseiller du directeur charg\u00e9 des affaires scientifiques<\/p>\n\n\n\n<p>Service des affaires estudiantines<\/p>\n\n\n\n<p>Service financier<\/p>\n\n\n\n<p>Service du personnel<\/p>\n\n\n\n<p>Service mat\u00e9riel et internat<\/p>\n\n\n\n<p>Service&nbsp;de la Biblioth\u00e8que Service&nbsp;des archives<br><br>Service Informatique<br><\/p>\n\n\n\n<p><\/p>\n\n\n\n<p><\/p>\n\n\n\n<p><\/p>\n\n\n\n<p><\/p>\n\n\n\n<p><\/p>\n\n\n\n<p><\/p>\n\n\n\n<p><\/p>\n\n\n\n<p><\/p>\n\n\n\n<p><\/p>\n\n\n\n<p><\/p>\n\n\n\n<p><\/p>\n\n\n\n<p><\/p>\n\n\n\n<p><\/p>\n\n\n\n<p><\/p>\n\n\n\n<p><\/p>\n\n\n\n<p><\/p>\n\n\n\n<p><\/p>\n\n\n\n<p><\/p>\n","protected":false},"excerpt":{"rendered":"<p>La structure administrative de l\u2019ENS est compos\u00e9e comme suit&nbsp;: Le Directeur&nbsp; Le Directeur adjoint&nbsp; Secr\u00e9tariat g\u00e9n\u00e9ral&nbsp; Direction des \u00e9tudes charg\u00e9e de la Formation continue,&nbsp;de la coop\u00e9ration et du stage Direction des \u00e9tudes charg\u00e9e des affaires acad\u00e9miques et estudiantines Conseiller du directeur charg\u00e9 des affaires p\u00e9dagogiques Conseiller du directeur charg\u00e9 des affaires scientifiques Service des affaires &hellip;<\/p>\n","protected":false},"author":1,"featured_media":0,"parent":0,"menu_order":0,"comment_status":"closed","ping_status":"closed","template":"","meta":{"footnotes":""},"class_list":["post-365","page","type-page","status-publish","hentry"],"_links":{"self":[{"href":"https:\/\/ens.mr\/index.php?rest_route=\/wp\/v2\/pages\/365","targetHints":{"allow":["GET"]}}],"collection":[{"href":"https:\/\/ens.mr\/index.php?rest_route=\/wp\/v2\/pages"}],"about":[{"href":"https:\/\/ens.mr\/index.php?rest_route=\/wp\/v2\/types\/page"}],"author":[{"embeddable":true,"href":"https:\/\/ens.mr\/index.php?rest_route=\/wp\/v2\/users\/1"}],"replies":[{"embeddable":true,"href":"https:\/\/ens.mr\/index.php?rest_route=%2Fwp%2Fv2%2Fcomments&post=365"}],"version-history":[{"count":3,"href":"https:\/\/ens.mr\/index.php?rest_route=\/wp\/v2\/pages\/365\/revisions"}],"predecessor-version":[{"id":1526,"href":"https:\/\/ens.mr\/index.php?rest_route=\/wp\/v2\/pages\/365\/revisions\/1526"}],"wp:attachment":[{"href":"https:\/\/ens.mr\/index.php?rest_route=%2Fwp%2Fv2%2Fmedia&parent=365"}],"curies":[{"name":"wp","href":"https:\/\/api.w.org\/{rel}","templated":true}]}}