{"id":361,"date":"2021-11-10T17:17:10","date_gmt":"2021-11-10T17:17:10","guid":{"rendered":"https:\/\/rimnow.space\/ens\/?page_id=361"},"modified":"2021-11-21T09:56:27","modified_gmt":"2021-11-21T09:56:27","slug":"instances","status":"publish","type":"page","link":"https:\/\/ens.mr\/?page_id=361","title":{"rendered":"Instances"},"content":{"rendered":"\n<p>L&rsquo;Ecole Normale Sup\u00e9rieure dispose d&rsquo;un <strong>Conseil P\u00e9dagogique Scientifique et de Recherche<\/strong> charg\u00e9:<\/p>\n\n\n\n<ul class=\"wp-block-list\"><li>d&rsquo;\u00e9laborer son r\u00e8glement int\u00e9rieur et le soumettre \u00e0 l&rsquo;approbation du Conseil d&rsquo;Administration de I&rsquo;ENS&nbsp;;<\/li><li>d&rsquo;assurer la coordination, le suivi et l&rsquo;\u00e9valuation des aspects scientifiques, acad\u00e9miques, p\u00e9dagogiques et de recherche;<\/li><li>de faire des propositions sur tous les actes relatifs au recrutement, \u00e0 l&rsquo;int\u00e9gration, \u00e0 la titularisation, \u00e0 l&rsquo;avancement et aux sanctions des enseignants-chercheurs ;<\/li><li>d&rsquo;approuver les programmes et les stages professionnels ;<\/li><li>de proposer les mesures et les listes d&rsquo;aptitude pour la promotion&nbsp; des enseignants-chercheurs ;<\/li><li>d&rsquo;adopter les r\u00e8glements relatifs \u00e0 la r\u00e9gie des biblioth\u00e8ques&nbsp; de l\u2019Etablissement ;<\/li><li>de donner Son avis sur les programmes et contrats de recherche;<\/li><li>de nommer les Sous-commissions qu&rsquo;il estime utiles, d&rsquo;en d\u00e9terminer la composition et les attributions&nbsp;;<\/li><li>de donner son avis&nbsp; pour l\u2019accr\u00e9ditation des unit\u00e9s et laboratoires de recherche&nbsp;;<\/li><li>de donner son avis sur les programmes de formation initiale et de formation continue.<\/li><\/ul>\n\n\n\n<p>Le Conseil P\u00e9dagogique, scientifique et de Recherche de l\u2019ENS se compose comme suit :<\/p>\n\n\n\n<p>-Pr\u00e9sident : le Directeur G\u00e9n\u00e9ral de l&rsquo;ENS;<\/p>\n\n\n\n<p>-Membres :<\/p>\n\n\n\n<ul class=\"wp-block-list\"><li>le directeur charg\u00e9 des affaires acad\u00e9miques,<\/li><li>le directeur charg\u00e9 des affaires p\u00e9dagogiques et des relations ext\u00e9rieures;<\/li><li>les deux conseillers du Directeur&nbsp; G\u00e9n\u00e9ral<\/li><li>les chefs des d\u00e9partements et centres;<\/li><li>deux repr\u00e9sentants \u00e9lus des enseignants-chercheurs; <a><\/a><\/li><li>Deux enseignants-chercheurs nomm\u00e9s par arr\u00eat\u00e9 du ministre charg\u00e9 de I \u2018Enseignement Sup\u00e9rieur parmi les enseignants &#8211; chercheurs non&nbsp; affect\u00e9s \u00e0 I&rsquo;ENS de grade professeur des universit\u00e9s ou professeur habilit\u00e9.<\/li><\/ul>\n\n\n\n<p>Le secr\u00e9tariat du Conseil P\u00e9dagogique, Scientifique et de Recherche est assur\u00e9 par le Secr\u00e9taire G\u00e9n\u00e9ral de I&rsquo;ENS.<\/p>\n","protected":false},"excerpt":{"rendered":"<p>L&rsquo;Ecole Normale Sup\u00e9rieure dispose d&rsquo;un Conseil P\u00e9dagogique Scientifique et de Recherche charg\u00e9: d&rsquo;\u00e9laborer son r\u00e8glement int\u00e9rieur et le soumettre \u00e0 l&rsquo;approbation du Conseil d&rsquo;Administration de I&rsquo;ENS&nbsp;;d&rsquo;assurer la coordination, le suivi et l&rsquo;\u00e9valuation des aspects scientifiques, acad\u00e9miques, p\u00e9dagogiques et de recherche;de faire des propositions sur tous les actes relatifs au recrutement, \u00e0 l&rsquo;int\u00e9gration, \u00e0 la titularisation, &hellip;<\/p>\n","protected":false},"author":1,"featured_media":0,"parent":0,"menu_order":0,"comment_status":"closed","ping_status":"closed","template":"","meta":{"footnotes":""},"class_list":["post-361","page","type-page","status-publish","hentry"],"_links":{"self":[{"href":"https:\/\/ens.mr\/index.php?rest_route=\/wp\/v2\/pages\/361","targetHints":{"allow":["GET"]}}],"collection":[{"href":"https:\/\/ens.mr\/index.php?rest_route=\/wp\/v2\/pages"}],"about":[{"href":"https:\/\/ens.mr\/index.php?rest_route=\/wp\/v2\/types\/page"}],"author":[{"embeddable":true,"href":"https:\/\/ens.mr\/index.php?rest_route=\/wp\/v2\/users\/1"}],"replies":[{"embeddable":true,"href":"https:\/\/ens.mr\/index.php?rest_route=%2Fwp%2Fv2%2Fcomments&post=361"}],"version-history":[{"count":3,"href":"https:\/\/ens.mr\/index.php?rest_route=\/wp\/v2\/pages\/361\/revisions"}],"predecessor-version":[{"id":588,"href":"https:\/\/ens.mr\/index.php?rest_route=\/wp\/v2\/pages\/361\/revisions\/588"}],"wp:attachment":[{"href":"https:\/\/ens.mr\/index.php?rest_route=%2Fwp%2Fv2%2Fmedia&parent=361"}],"curies":[{"name":"wp","href":"https:\/\/api.w.org\/{rel}","templated":true}]}}