{"id":357,"date":"2021-11-10T15:50:22","date_gmt":"2021-11-10T15:50:22","guid":{"rendered":"https:\/\/rimnow.space\/ens\/?page_id=357"},"modified":"2022-03-09T20:49:53","modified_gmt":"2022-03-09T20:49:53","slug":"presentation","status":"publish","type":"page","link":"https:\/\/ens.mr\/?page_id=357","title":{"rendered":"Pr\u00e9sentation"},"content":{"rendered":"\n<p>L\u2019\u00c9cole est un \u00e9tablissement professionnel d&rsquo;enseignement sup\u00e9rieur, auquel &nbsp;les \u00e9tudiants acc\u00e8dent par concours externe ou interne.<\/p>\n\n\n\n<p>L&rsquo;\u00e9cole dispense \u00e0 ses \u00e9tudiants une formation professionnelle th\u00e9orique et pratique dans diverses disciplines scientifiques et litt\u00e9raires.<\/p>\n\n\n\n<p>Depuis sa cr\u00e9ation, l\u2019\u00c9cole Normale Sup\u00e9rieure a toujours satisfait toutes les exigences du Minist\u00e8re de l\u2019\u00c9ducation Nationale et de la r\u00e9forme du syst\u00e8me \u00e9ducatif par l&rsquo;ad\u00e9quation de ses offres de formation aux orientations du programme pr\u00e9vu, et par sa disponibilit\u00e9 permanente \u00e0 accueillir les nombres croissants d&rsquo;\u00e9tudiants.<\/p>\n\n\n\n<p><\/p>\n\n\n\n<p><\/p>\n\n\n\n<p><\/p>\n\n\n\n<p><\/p>\n\n\n\n<p><\/p>\n","protected":false},"excerpt":{"rendered":"<p>L\u2019\u00c9cole est un \u00e9tablissement professionnel d&rsquo;enseignement sup\u00e9rieur, auquel &nbsp;les \u00e9tudiants acc\u00e8dent par concours externe ou interne. L&rsquo;\u00e9cole dispense \u00e0 ses \u00e9tudiants une formation professionnelle th\u00e9orique et pratique dans diverses disciplines scientifiques et litt\u00e9raires. Depuis sa cr\u00e9ation, l\u2019\u00c9cole Normale Sup\u00e9rieure a toujours satisfait toutes les exigences du Minist\u00e8re de l\u2019\u00c9ducation Nationale et de la r\u00e9forme du &hellip;<\/p>\n","protected":false},"author":1,"featured_media":0,"parent":0,"menu_order":0,"comment_status":"closed","ping_status":"closed","template":"","meta":{"footnotes":""},"class_list":["post-357","page","type-page","status-publish","hentry"],"_links":{"self":[{"href":"https:\/\/ens.mr\/index.php?rest_route=\/wp\/v2\/pages\/357","targetHints":{"allow":["GET"]}}],"collection":[{"href":"https:\/\/ens.mr\/index.php?rest_route=\/wp\/v2\/pages"}],"about":[{"href":"https:\/\/ens.mr\/index.php?rest_route=\/wp\/v2\/types\/page"}],"author":[{"embeddable":true,"href":"https:\/\/ens.mr\/index.php?rest_route=\/wp\/v2\/users\/1"}],"replies":[{"embeddable":true,"href":"https:\/\/ens.mr\/index.php?rest_route=%2Fwp%2Fv2%2Fcomments&post=357"}],"version-history":[{"count":8,"href":"https:\/\/ens.mr\/index.php?rest_route=\/wp\/v2\/pages\/357\/revisions"}],"predecessor-version":[{"id":1656,"href":"https:\/\/ens.mr\/index.php?rest_route=\/wp\/v2\/pages\/357\/revisions\/1656"}],"wp:attachment":[{"href":"https:\/\/ens.mr\/index.php?rest_route=%2Fwp%2Fv2%2Fmedia&parent=357"}],"curies":[{"name":"wp","href":"https:\/\/api.w.org\/{rel}","templated":true}]}}