{"id":355,"date":"2021-11-10T15:39:43","date_gmt":"2021-11-10T15:39:43","guid":{"rendered":"https:\/\/rimnow.space\/ens\/?page_id=355"},"modified":"2024-01-29T15:48:05","modified_gmt":"2024-01-29T15:48:05","slug":"mot-du-directeur","status":"publish","type":"page","link":"https:\/\/ens.mr\/?page_id=355","title":{"rendered":"Mot du Directeur"},"content":{"rendered":"\n<figure class=\"wp-block-gallery alignleft has-nested-images columns-default is-cropped wp-block-gallery-1 is-layout-flex wp-block-gallery-is-layout-flex\">\n<figure class=\"wp-block-image size-full\"><img loading=\"lazy\" decoding=\"async\" width=\"767\" height=\"870\" data-id=\"1730\" src=\"https:\/\/ens.mr\/wp-content\/uploads\/2024\/01\/PHOTO-2024-01-23-10-55-14-2.jpg\" alt=\"\" class=\"wp-image-1730\" srcset=\"https:\/\/ens.mr\/wp-content\/uploads\/2024\/01\/PHOTO-2024-01-23-10-55-14-2.jpg 767w, https:\/\/ens.mr\/wp-content\/uploads\/2024\/01\/PHOTO-2024-01-23-10-55-14-2-264x300.jpg 264w\" sizes=\"auto, (max-width: 767px) 100vw, 767px\" \/><\/figure>\n<\/figure>\n\n\n\n<p>L&rsquo;\u00c9cole Normale Sup\u00e9rieure a \u00e9t\u00e9 cr\u00e9\u00e9e par le d\u00e9cret n\u00b0 70-261 du 25 septembre 1970. Elle est ainsi consid\u00e9r\u00e9e comme l&rsquo;\u00e9tablissement acad\u00e9mique et \u00e9ducatif le plus ancien et le plus prestigieux du pays et a jou\u00e9 un r\u00f4le majeur dans la diffusion et le d\u00e9veloppement de l&rsquo;\u00e9ducation \u00e0 travers les cadres form\u00e9s et les recherches scientifiques et p\u00e9dagogiques qu&rsquo;elle publie.<br>L&rsquo;\u00c9cole Normale Sup\u00e9rieure a pour mission premi\u00e8re de r\u00e9pondre aux besoins des secteurs en charge de la formation, notamment en professeurs, inspecteurs, techniciens de laboratoire et en professeurs qualifi\u00e9s \u00e0 tous les niveaux de l&rsquo;enseignement fondamental, secondaire et technique. Elle r\u00e9pond \u00e9galement aux besoins du secteur de l\u2019enseignement fondamental par la formation de formateurs pour les \u00e9coles normales d&rsquo;instituteurs. Elle est multi-sp\u00e9cialis\u00e9e, diversifi\u00e9e avec une capacit\u00e9 d\u2019accueil limit\u00e9e. L&rsquo;acc\u00e8s aux diff\u00e9rentes fili\u00e8res se fait par le biais d&rsquo;un concours, organis\u00e9 et supervis\u00e9 par la Commission Nationale des Concours ou son substitut l\u00e9gal.<br>L&rsquo;\u00c9cole Normale Sup\u00e9rieure se caract\u00e9rise par la qualit\u00e9 et la diversit\u00e9 de l&rsquo;offre \u00e9ducative et, outre un personnel administratif remarquable, la formation est encadr\u00e9e par soixante-dix professeurs de diverses sp\u00e9cialisations qui se distinguent par leur capacit\u00e9s, leur longue exp\u00e9rience et leur aptitude \u00e0 la formation et \u00e0 l&rsquo;encadrement.<br>Chers \u00e9l\u00e8ves-professeurs , la direction de l\u2019\u00e9tablissement, ses employ\u00e9s et membres du corps professoral vous souhaitent la bienvenue dans votre \u00e9tablissement et s\u2019engagent \u00e0 mener \u00e0 bien leur noble mission avec plein d\u00e9vouement et sinc\u00e9rit\u00e9.<\/p>\n","protected":false},"excerpt":{"rendered":"<p>L&rsquo;\u00c9cole Normale Sup\u00e9rieure a \u00e9t\u00e9 cr\u00e9\u00e9e par le d\u00e9cret n\u00b0 70-261 du 25 septembre 1970. Elle est ainsi consid\u00e9r\u00e9e comme l&rsquo;\u00e9tablissement acad\u00e9mique et \u00e9ducatif le plus ancien et le plus prestigieux du pays et a jou\u00e9 un r\u00f4le majeur dans la diffusion et le d\u00e9veloppement de l&rsquo;\u00e9ducation \u00e0 travers les cadres form\u00e9s et les recherches &hellip;<\/p>\n","protected":false},"author":1,"featured_media":0,"parent":0,"menu_order":0,"comment_status":"closed","ping_status":"closed","template":"","meta":{"footnotes":""},"class_list":["post-355","page","type-page","status-publish","hentry"],"_links":{"self":[{"href":"https:\/\/ens.mr\/index.php?rest_route=\/wp\/v2\/pages\/355","targetHints":{"allow":["GET"]}}],"collection":[{"href":"https:\/\/ens.mr\/index.php?rest_route=\/wp\/v2\/pages"}],"about":[{"href":"https:\/\/ens.mr\/index.php?rest_route=\/wp\/v2\/types\/page"}],"author":[{"embeddable":true,"href":"https:\/\/ens.mr\/index.php?rest_route=\/wp\/v2\/users\/1"}],"replies":[{"embeddable":true,"href":"https:\/\/ens.mr\/index.php?rest_route=%2Fwp%2Fv2%2Fcomments&post=355"}],"version-history":[{"count":5,"href":"https:\/\/ens.mr\/index.php?rest_route=\/wp\/v2\/pages\/355\/revisions"}],"predecessor-version":[{"id":1734,"href":"https:\/\/ens.mr\/index.php?rest_route=\/wp\/v2\/pages\/355\/revisions\/1734"}],"wp:attachment":[{"href":"https:\/\/ens.mr\/index.php?rest_route=%2Fwp%2Fv2%2Fmedia&parent=355"}],"curies":[{"name":"wp","href":"https:\/\/api.w.org\/{rel}","templated":true}]}}