{"id":595,"date":"2021-11-21T10:19:21","date_gmt":"2021-11-21T10:19:21","guid":{"rendered":"https:\/\/rimnow.space\/ens\/?page_id=595"},"modified":"2022-01-21T10:02:15","modified_gmt":"2022-01-21T10:02:15","slug":"unites-de-recherche","status":"publish","type":"page","link":"https:\/\/ens.mr\/ar\/unites-de-recherche\/","title":{"rendered":"\u0648\u062d\u062f\u0627\u062a \u0627\u0644\u0628\u062d\u062b"},"content":{"rendered":"\n<p><span class=\"has-inline-color has-blue-color\">Dans le cadre de l\u2019application des orientations du MESRS dans le domaine de la recherche scientifique, l\u2019ENS a mis en place en 2012 neuf (9) unit\u00e9s de recherche \u00a0dirig\u00e9es par des \u00e9quipes multidisciplinaires \u00a0d\u2019enseignants-chercheurs , \u00a0reconnues par le Conseil P\u00e9dagogique\u00a0 et Scientifique de l\u2019ENS, et dont les\u00a0 dossiers ont \u00e9t\u00e9 transmis au Minist\u00e8re de l\u2019Enseignement Sup\u00e9rieur et de la Recherche Scientifique pour leur accr\u00e9ditation. Ces unit\u00e9s se d\u00e9clinent comme suit\u00a0:<\/span><\/p>\n\n\n\n<ul class=\"wp-block-list\"><li>Unit\u00e9 de Recherches&nbsp; <em>Enseignement et Apprentissage du\/en Fran\u00e7ais (UREAF)&nbsp;;<\/em><\/li><li>Unit\u00e9 de Recherches&nbsp; <em>Etudes et Recherches en Sociologie et Sciences de l\u2019Education (ERSSE)&nbsp;;<\/em><\/li><li>Unit\u00e9 de Recherches&nbsp; <em>Recherche en Education et D\u00e9veloppement (URED)&nbsp;;<\/em><\/li><li>Unit\u00e9 de Recherches&nbsp; <em>Recherche fondamentale et Appliqu\u00e9e (UREFA\/ENS)&nbsp;;<\/em><\/li><li>Unit\u00e9 de Recherches&nbsp; <em>G\u00e9ographie et D\u00e9veloppement (URGD)&nbsp;;<\/em><\/li><li>Unit\u00e9 de Recherches&nbsp; <em>Biodiversit\u00e9 et D\u00e9veloppement Durable en Mauritanie (URBDD)&nbsp;;<\/em><\/li><li>Unit\u00e9 de Recherches&nbsp; <em>Mesure de la Qualit\u00e9 de la Performance et pour les prospections d\u2019Avenir en Education, Formation et Soci\u00e9t\u00e9 (UMQPPAEFS)&nbsp;;<\/em><\/li><li>Unit\u00e9 de Recherches&nbsp; <em>Recherches et Etudes en Arch\u00e9ologie, Culture et D\u00e9veloppement (UREACD)&nbsp;;<\/em><\/li><li>Unit\u00e9 de Recherches,&nbsp; <em>Recherches et Etudes en P\u00e9dagogie et Psychologie (UREPP).<\/em><\/li><\/ul>\n\n\n\n<p>De ce qui pr\u00e9c\u00e8de , il se d\u00e9gage que l\u2019ENS dispose d\u2019un important potentiel de chercheurs et que les th\u00e9matiques abord\u00e9es se caract\u00e9risent par une vision multidisciplinaire, se focalisant sur les domaines de la p\u00e9dagogie, de la didactique, de la biodiversit\u00e9 , etc, en \u00e9troite connectivit\u00e9 avec les enseignements et la soci\u00e9t\u00e9.<\/p>\n","protected":false},"excerpt":{"rendered":"<p>Dans le cadre de l\u2019application des orientations du MESRS dans le domaine de la recherche scientifique, l\u2019ENS a mis en place en 2012 neuf (9) unit\u00e9s de recherche \u00a0dirig\u00e9es par des \u00e9quipes multidisciplinaires \u00a0d\u2019enseignants-chercheurs , \u00a0reconnues par le Conseil P\u00e9dagogique\u00a0 et Scientifique de l\u2019ENS, et dont les\u00a0 dossiers ont \u00e9t\u00e9 transmis au Minist\u00e8re de l\u2019Enseignement &hellip;<\/p>\n","protected":false},"author":1,"featured_media":0,"parent":0,"menu_order":0,"comment_status":"closed","ping_status":"closed","template":"","meta":{"footnotes":""},"class_list":["post-595","page","type-page","status-publish","hentry"],"_links":{"self":[{"href":"https:\/\/ens.mr\/ar\/wp-json\/wp\/v2\/pages\/595","targetHints":{"allow":["GET"]}}],"collection":[{"href":"https:\/\/ens.mr\/ar\/wp-json\/wp\/v2\/pages"}],"about":[{"href":"https:\/\/ens.mr\/ar\/wp-json\/wp\/v2\/types\/page"}],"author":[{"embeddable":true,"href":"https:\/\/ens.mr\/ar\/wp-json\/wp\/v2\/users\/1"}],"replies":[{"embeddable":true,"href":"https:\/\/ens.mr\/ar\/wp-json\/wp\/v2\/comments?post=595"}],"version-history":[{"count":4,"href":"https:\/\/ens.mr\/ar\/wp-json\/wp\/v2\/pages\/595\/revisions"}],"predecessor-version":[{"id":1543,"href":"https:\/\/ens.mr\/ar\/wp-json\/wp\/v2\/pages\/595\/revisions\/1543"}],"wp:attachment":[{"href":"https:\/\/ens.mr\/ar\/wp-json\/wp\/v2\/media?parent=595"}],"curies":[{"name":"wp","href":"https:\/\/api.w.org\/{rel}","templated":true}]}}